{"id":6524,"date":"2025-11-13T04:27:15","date_gmt":"2025-11-13T04:27:15","guid":{"rendered":"https:\/\/ddimperium.com\/?page_id=6524"},"modified":"2025-11-23T01:20:42","modified_gmt":"2025-11-23T01:20:42","slug":"prep-services-center","status":"publish","type":"page","link":"https:\/\/ddimperium.com\/?page_id=6524","title":{"rendered":"Prep Services Center"},"content":{"rendered":"\t\t<div data-elementor-type=\"wp-page\" data-elementor-id=\"6524\" class=\"elementor elementor-6524\" data-elementor-post-type=\"page\">\n\t\t\t\t\t\t<section class=\"elementor-section elementor-top-section elementor-element elementor-element-737e495 elementor-section-full_width elementor-section-height-default elementor-section-height-default\" data-id=\"737e495\" data-element_type=\"section\">\n\t\t\t\t\t\t<div class=\"elementor-container elementor-column-gap-no\">\n\t\t\t\t\t<div class=\"elementor-column elementor-col-100 elementor-top-column elementor-element elementor-element-ac80f10\" data-id=\"ac80f10\" data-element_type=\"column\">\n\t\t\t<div class=\"elementor-widget-wrap elementor-element-populated\">\n\t\t\t\t\t\t<div class=\"elementor-element elementor-element-ef4e3c6 rbt-section-height-default elementor-widget elementor-widget-doob-main-banner\" data-id=\"ef4e3c6\" data-element_type=\"widget\" data-widget_type=\"doob-main-banner.default\">\n\t\t\t\t<div class=\"elementor-widget-container\">\n\t\t\t\t\t\r\n            <!-- Start Slider Area  -->\r\n            <div class=\"slider-area rainbow-section-gap slider-area\">\r\n            <div class=\"container\">\r\n                <div class=\"row align-items-center\">\r\n                    <div class=\"col-lg-6 col-md-6 col-sm-6 col-sm-12 order-2 order-lg-1\">\r\n                        <div class=\"inner collaborate text-start\">\r\n                            <h1 class=\"title display-one display-two title inner \">TU ALIADO LOG\u00cdSTICO DE CONFIANZA.<\/h1>                                                                   <p class=\"description color-white\">\r\n                                         Somos el partner que garantiza que tu mercanc\u00eda cumpla con los est\u00e1ndares de Amazon, Walmart, TikTok Shop, Shopify y eBay.<br>\nMientras nosotros operamos, t\u00fa escalas.<br>\nMientras nosotros preparamos, t\u00fa lideras.<br>\n<br>\nPrep Center especializado en:<br>\n<br>\n\u2713 inspecci\u00f3n<br>\n\u2713 limpieza<br>\n\u2713 etiquetado<br>\n\u2713 env\u00edo profesional<br>\n\u2713 almacenamiento inteligente<br>\n\u2713 log\u00edstica de importaci\u00f3n<br>                                    <\/p>\r\n                                                                                    <\/div>\r\n                    <\/div>\r\n                    <div class=\"col-lg-6 col-md-6 col-sm-12 order-1 order-lg-2\">\r\n                                                <div class=\"thumbnail\"><img decoding=\"async\" src=\"https:\/\/ddimperium.com\/wp-content\/uploads\/2025\/11\/Imagen-de-WhatsApp-2025-11-18-a-las-20.19.16_3bbaba76.jpg\"\r\n                                    alt=\"\"><\/div>\r\n                                                <\/div>\r\n                <\/div>\r\n            <\/div>\r\n        <\/div>\r\n        <!-- Start Slider Area  -->\r\n\t\t\t\t<\/div>\n\t\t\t\t<\/div>\n\t\t\t\t\t<\/div>\n\t\t<\/div>\n\t\t\t\t\t<\/div>\n\t\t<\/section>\n\t\t<div class=\"elementor-element elementor-element-77ea6bc e-flex e-con-boxed e-con e-parent\" data-id=\"77ea6bc\" data-element_type=\"container\" data-settings=\"{&quot;background_background&quot;:&quot;classic&quot;}\">\n\t\t\t\t\t<div class=\"e-con-inner\">\n\t\t<div class=\"elementor-element elementor-element-fc82ce2 e-con-full e-flex e-con e-child\" data-id=\"fc82ce2\" data-element_type=\"container\">\n\t\t\t\t<div class=\"elementor-element elementor-element-a754414 elementor-widget elementor-widget-image\" data-id=\"a754414\" data-element_type=\"widget\" data-widget_type=\"image.default\">\n\t\t\t\t\t\t\t\t\t\t\t\t\t\t\t<img decoding=\"async\" width=\"150\" height=\"150\" src=\"https:\/\/ddimperium.com\/wp-content\/uploads\/2025\/11\/cropped-970d227f-648f-430f-974a-a41e0d5befcb-1-150x150.png\" class=\"attachment-thumbnail size-thumbnail wp-image-6430\" alt=\"\" srcset=\"https:\/\/ddimperium.com\/wp-content\/uploads\/2025\/11\/cropped-970d227f-648f-430f-974a-a41e0d5befcb-1-150x150.png 150w, https:\/\/ddimperium.com\/wp-content\/uploads\/2025\/11\/cropped-970d227f-648f-430f-974a-a41e0d5befcb-1-300x300.png 300w, https:\/\/ddimperium.com\/wp-content\/uploads\/2025\/11\/cropped-970d227f-648f-430f-974a-a41e0d5befcb-1-270x270.png 270w, https:\/\/ddimperium.com\/wp-content\/uploads\/2025\/11\/cropped-970d227f-648f-430f-974a-a41e0d5befcb-1-192x192.png 192w, https:\/\/ddimperium.com\/wp-content\/uploads\/2025\/11\/cropped-970d227f-648f-430f-974a-a41e0d5befcb-1-180x180.png 180w, https:\/\/ddimperium.com\/wp-content\/uploads\/2025\/11\/cropped-970d227f-648f-430f-974a-a41e0d5befcb-1-32x32.png 32w, https:\/\/ddimperium.com\/wp-content\/uploads\/2025\/11\/cropped-970d227f-648f-430f-974a-a41e0d5befcb-1.png 512w\" sizes=\"(max-width: 150px) 100vw, 150px\" \/>\t\t\t\t\t\t\t\t\t\t\t\t\t\t\t<\/div>\n\t\t\t\t<\/div>\n\t\t<div class=\"elementor-element elementor-element-db23051 e-con-full e-flex e-con e-child\" data-id=\"db23051\" data-element_type=\"container\">\n\t\t\t\t<div class=\"elementor-element elementor-element-e159ca6 elementor-widget elementor-widget-heading\" data-id=\"e159ca6\" data-element_type=\"widget\" data-widget_type=\"heading.default\">\n\t\t\t\t\t<h2 class=\"elementor-heading-title elementor-size-default\">Enf\u00f3cate en vender. Nosotros nos encargamos del resto.<\/h2>\t\t\t\t<\/div>\n\t\t\t\t<\/div>\n\t\t<div class=\"elementor-element elementor-element-30da567 e-con-full e-flex e-con e-child\" data-id=\"30da567\" data-element_type=\"container\">\n\t\t\t\t<div class=\"elementor-element elementor-element-f00e436 elementor-widget elementor-widget-image\" data-id=\"f00e436\" data-element_type=\"widget\" data-widget_type=\"image.default\">\n\t\t\t\t\t\t\t\t\t\t\t\t\t\t\t<img decoding=\"async\" width=\"150\" height=\"150\" src=\"https:\/\/ddimperium.com\/wp-content\/uploads\/2025\/11\/cropped-970d227f-648f-430f-974a-a41e0d5befcb-1-150x150.png\" class=\"attachment-thumbnail size-thumbnail wp-image-6430\" alt=\"\" srcset=\"https:\/\/ddimperium.com\/wp-content\/uploads\/2025\/11\/cropped-970d227f-648f-430f-974a-a41e0d5befcb-1-150x150.png 150w, https:\/\/ddimperium.com\/wp-content\/uploads\/2025\/11\/cropped-970d227f-648f-430f-974a-a41e0d5befcb-1-300x300.png 300w, https:\/\/ddimperium.com\/wp-content\/uploads\/2025\/11\/cropped-970d227f-648f-430f-974a-a41e0d5befcb-1-270x270.png 270w, https:\/\/ddimperium.com\/wp-content\/uploads\/2025\/11\/cropped-970d227f-648f-430f-974a-a41e0d5befcb-1-192x192.png 192w, https:\/\/ddimperium.com\/wp-content\/uploads\/2025\/11\/cropped-970d227f-648f-430f-974a-a41e0d5befcb-1-180x180.png 180w, https:\/\/ddimperium.com\/wp-content\/uploads\/2025\/11\/cropped-970d227f-648f-430f-974a-a41e0d5befcb-1-32x32.png 32w, https:\/\/ddimperium.com\/wp-content\/uploads\/2025\/11\/cropped-970d227f-648f-430f-974a-a41e0d5befcb-1.png 512w\" sizes=\"(max-width: 150px) 100vw, 150px\" \/>\t\t\t\t\t\t\t\t\t\t\t\t\t\t\t<\/div>\n\t\t\t\t<\/div>\n\t\t\t\t\t<\/div>\n\t\t\t\t<\/div>\n\t\t<div class=\"elementor-element elementor-element-6a30dbe e-con-full e-flex e-con e-parent\" data-id=\"6a30dbe\" data-element_type=\"container\">\n\t\t\t\t<div class=\"elementor-element elementor-element-9d80fea elementor-widget elementor-widget-heading\" data-id=\"9d80fea\" data-element_type=\"widget\" data-widget_type=\"heading.default\">\n\t\t\t\t\t<h2 class=\"elementor-heading-title elementor-size-default\">ETAPAS DEL PROCESO<\/h2>\t\t\t\t<\/div>\n\t\t\t\t<div class=\"elementor-element elementor-element-30a610a elementor-arrows-position-inside elementor-widget elementor-widget-n-carousel\" data-id=\"30a610a\" data-element_type=\"widget\" data-settings=\"{&quot;carousel_items&quot;:[{&quot;slide_title&quot;:&quot;Slide #1&quot;,&quot;_id&quot;:&quot;75486ba&quot;},{&quot;slide_title&quot;:&quot;Slide #1&quot;,&quot;_id&quot;:&quot;e250e65&quot;},{&quot;slide_title&quot;:&quot;Slide #1&quot;,&quot;_id&quot;:&quot;3df38e3&quot;},{&quot;slide_title&quot;:&quot;Slide #1&quot;,&quot;_id&quot;:&quot;4c1cd10&quot;}],&quot;slides_to_show&quot;:&quot;1&quot;,&quot;slides_to_scroll&quot;:&quot;1&quot;,&quot;autoplay_speed&quot;:1000,&quot;speed&quot;:1000,&quot;slides_to_show_tablet&quot;:&quot;2&quot;,&quot;slides_to_show_mobile&quot;:&quot;1&quot;,&quot;autoplay&quot;:&quot;yes&quot;,&quot;pause_on_hover&quot;:&quot;yes&quot;,&quot;pause_on_interaction&quot;:&quot;yes&quot;,&quot;infinite&quot;:&quot;yes&quot;,&quot;offset_sides&quot;:&quot;none&quot;,&quot;arrows&quot;:&quot;yes&quot;,&quot;image_spacing_custom&quot;:{&quot;unit&quot;:&quot;px&quot;,&quot;size&quot;:10,&quot;sizes&quot;:[]},&quot;image_spacing_custom_tablet&quot;:{&quot;unit&quot;:&quot;px&quot;,&quot;size&quot;:&quot;&quot;,&quot;sizes&quot;:[]},&quot;image_spacing_custom_mobile&quot;:{&quot;unit&quot;:&quot;px&quot;,&quot;size&quot;:&quot;&quot;,&quot;sizes&quot;:[]}}\" data-widget_type=\"nested-carousel.default\">\n\t\t\t\t\t\t\t<div class=\"e-n-carousel swiper\" role=\"region\" aria-roledescription=\"carousel\" aria-label=\"Carousel\" dir=\"ltr\">\r\n\t\t\t<div class=\"swiper-wrapper\" aria-live=\"off\">\r\n\t\t\t\t\t\t\t\t\t\t<div class=\"swiper-slide\" data-slide=\"1\" role=\"group\" aria-roledescription=\"slide\" aria-label=\"1 of 4\">\r\n\t\t\t\t\t\t\t<div class=\"elementor-element elementor-element-b2a33f9 e-flex e-con-boxed e-con e-child\" data-id=\"b2a33f9\" data-element_type=\"container\">\n\t\t\t\t\t<div class=\"e-con-inner\">\n\t\t<div class=\"elementor-element elementor-element-398a8f6 e-con-full e-flex e-con e-child\" data-id=\"398a8f6\" data-element_type=\"container\" data-settings=\"{&quot;background_background&quot;:&quot;classic&quot;}\">\n\t\t\t\t<div class=\"elementor-element elementor-element-73138d2 elementor-widget elementor-widget-heading\" data-id=\"73138d2\" data-element_type=\"widget\" data-widget_type=\"heading.default\">\n\t\t\t\t\t<h2 class=\"elementor-heading-title elementor-size-default\">CONTROL DE INVENTARIO<\/h2>\t\t\t\t<\/div>\n\t\t\t\t<div class=\"elementor-element elementor-element-acbeadb elementor-widget elementor-widget-text-editor\" data-id=\"acbeadb\" data-element_type=\"widget\" data-widget_type=\"text-editor.default\">\n\t\t\t\t\t\t\t\t\t<p>Recepci\u00f3n profesional, verificaci\u00f3n del producto, registro interno y evaluaci\u00f3n del estado de la mercanc\u00eda.<br \/>Control total desde el momento en que llega.<\/p>\t\t\t\t\t\t\t\t<\/div>\n\t\t\t\t<\/div>\n\t\t<div class=\"elementor-element elementor-element-bcc3e05 e-con-full e-flex e-con e-child\" data-id=\"bcc3e05\" data-element_type=\"container\">\n\t\t\t\t<div class=\"elementor-element elementor-element-07688e0 elementor-widget elementor-widget-image\" data-id=\"07688e0\" data-element_type=\"widget\" data-widget_type=\"image.default\">\n\t\t\t\t\t\t\t\t\t\t\t\t\t\t\t<img fetchpriority=\"high\" decoding=\"async\" width=\"750\" height=\"1000\" src=\"https:\/\/ddimperium.com\/wp-content\/uploads\/2025\/11\/Sin-titulo-2.jpg\" class=\"attachment-full size-full wp-image-7438\" alt=\"\" srcset=\"https:\/\/ddimperium.com\/wp-content\/uploads\/2025\/11\/Sin-titulo-2.jpg 750w, https:\/\/ddimperium.com\/wp-content\/uploads\/2025\/11\/Sin-titulo-2-225x300.jpg 225w, https:\/\/ddimperium.com\/wp-content\/uploads\/2025\/11\/Sin-titulo-2-600x800.jpg 600w\" sizes=\"(max-width: 750px) 100vw, 750px\" \/>\t\t\t\t\t\t\t\t\t\t\t\t\t\t\t<\/div>\n\t\t\t\t<\/div>\n\t\t\t\t\t<\/div>\n\t\t\t\t<\/div>\n\t\t\t\t\t\t\t\t<\/div>\r\n\t\t\t\t\t\t\t\t\t\t\t<div class=\"swiper-slide\" data-slide=\"2\" role=\"group\" aria-roledescription=\"slide\" aria-label=\"2 of 4\">\r\n\t\t\t\t\t\t\t<div class=\"elementor-element elementor-element-50a5651 e-flex e-con-boxed e-con e-child\" data-id=\"50a5651\" data-element_type=\"container\">\n\t\t\t\t\t<div class=\"e-con-inner\">\n\t\t<div class=\"elementor-element elementor-element-6d1576a e-con-full e-flex e-con e-child\" data-id=\"6d1576a\" data-element_type=\"container\" data-settings=\"{&quot;background_background&quot;:&quot;classic&quot;}\">\n\t\t\t\t<div class=\"elementor-element elementor-element-abb67b7 elementor-widget elementor-widget-heading\" data-id=\"abb67b7\" data-element_type=\"widget\" data-widget_type=\"heading.default\">\n\t\t\t\t\t<h2 class=\"elementor-heading-title elementor-size-default\">PREPARACI\u00d3N PROFESIONAL<\/h2>\t\t\t\t<\/div>\n\t\t\t\t<div class=\"elementor-element elementor-element-8cee9df elementor-widget elementor-widget-text-editor\" data-id=\"8cee9df\" data-element_type=\"widget\" data-widget_type=\"text-editor.default\">\n\t\t\t\t\t\t\t\t\t<p>Limpieza, inspecci\u00f3n, polybags, bubblewrap, etiquetado avanzado (FNSKU, advertencias, seguridad).<br \/>Cumplimos todos los est\u00e1ndares FBA, FBM y WFS.<\/p>\t\t\t\t\t\t\t\t<\/div>\n\t\t\t\t<\/div>\n\t\t<div class=\"elementor-element elementor-element-4705d49 e-con-full e-flex e-con e-child\" data-id=\"4705d49\" data-element_type=\"container\">\n\t\t\t\t<div class=\"elementor-element elementor-element-7189c59 elementor-widget elementor-widget-image\" data-id=\"7189c59\" data-element_type=\"widget\" data-widget_type=\"image.default\">\n\t\t\t\t\t\t\t\t\t\t\t\t\t\t\t<img decoding=\"async\" width=\"750\" height=\"1000\" src=\"https:\/\/ddimperium.com\/wp-content\/uploads\/2025\/11\/22titulo.jpg\" class=\"attachment-full size-full wp-image-7234\" alt=\"\" srcset=\"https:\/\/ddimperium.com\/wp-content\/uploads\/2025\/11\/22titulo.jpg 750w, https:\/\/ddimperium.com\/wp-content\/uploads\/2025\/11\/22titulo-225x300.jpg 225w, https:\/\/ddimperium.com\/wp-content\/uploads\/2025\/11\/22titulo-600x800.jpg 600w\" sizes=\"(max-width: 750px) 100vw, 750px\" \/>\t\t\t\t\t\t\t\t\t\t\t\t\t\t\t<\/div>\n\t\t\t\t<\/div>\n\t\t\t\t\t<\/div>\n\t\t\t\t<\/div>\n\t\t\t\t\t\t\t\t<\/div>\r\n\t\t\t\t\t\t\t\t\t\t\t<div class=\"swiper-slide\" data-slide=\"3\" role=\"group\" aria-roledescription=\"slide\" aria-label=\"3 of 4\">\r\n\t\t\t\t\t\t\t<div class=\"elementor-element elementor-element-3ffbb80 e-flex e-con-boxed e-con e-child\" data-id=\"3ffbb80\" data-element_type=\"container\">\n\t\t\t\t\t<div class=\"e-con-inner\">\n\t\t<div class=\"elementor-element elementor-element-5fb5c33 e-con-full e-flex e-con e-child\" data-id=\"5fb5c33\" data-element_type=\"container\" data-settings=\"{&quot;background_background&quot;:&quot;classic&quot;}\">\n\t\t\t\t<div class=\"elementor-element elementor-element-1b87171 elementor-widget elementor-widget-heading\" data-id=\"1b87171\" data-element_type=\"widget\" data-widget_type=\"heading.default\">\n\t\t\t\t\t<h2 class=\"elementor-heading-title elementor-size-default\">DESPACHO R\u00c1PIDO Y SEGURO<\/h2>\t\t\t\t<\/div>\n\t\t\t\t<div class=\"elementor-element elementor-element-57fec71 elementor-widget elementor-widget-text-editor\" data-id=\"57fec71\" data-element_type=\"widget\" data-widget_type=\"text-editor.default\">\n\t\t\t\t\t\t\t\t\t<p>Coordinaci\u00f3n con UPS, FedEx, USPS, LTL y SPD.<br \/>Optimizaci\u00f3n de env\u00edos para reducir costos y acelerar entregas.<\/p>\t\t\t\t\t\t\t\t<\/div>\n\t\t\t\t<\/div>\n\t\t<div class=\"elementor-element elementor-element-b014fc2 e-con-full e-flex e-con e-child\" data-id=\"b014fc2\" data-element_type=\"container\">\n\t\t\t\t<div class=\"elementor-element elementor-element-e74df57 elementor-widget elementor-widget-image\" data-id=\"e74df57\" data-element_type=\"widget\" data-widget_type=\"image.default\">\n\t\t\t\t\t\t\t\t\t\t\t\t\t\t\t<img loading=\"lazy\" decoding=\"async\" width=\"750\" height=\"1000\" src=\"https:\/\/ddimperium.com\/wp-content\/uploads\/2025\/11\/1111titulo.jpg\" class=\"attachment-full size-full wp-image-7235\" alt=\"\" srcset=\"https:\/\/ddimperium.com\/wp-content\/uploads\/2025\/11\/1111titulo.jpg 750w, https:\/\/ddimperium.com\/wp-content\/uploads\/2025\/11\/1111titulo-225x300.jpg 225w, https:\/\/ddimperium.com\/wp-content\/uploads\/2025\/11\/1111titulo-600x800.jpg 600w\" sizes=\"(max-width: 750px) 100vw, 750px\" \/>\t\t\t\t\t\t\t\t\t\t\t\t\t\t\t<\/div>\n\t\t\t\t<\/div>\n\t\t\t\t\t<\/div>\n\t\t\t\t<\/div>\n\t\t\t\t\t\t\t\t<\/div>\r\n\t\t\t\t\t\t\t\t\t\t\t<div class=\"swiper-slide\" data-slide=\"4\" role=\"group\" aria-roledescription=\"slide\" aria-label=\"4 of 4\">\r\n\t\t\t\t\t\t\t<div class=\"elementor-element elementor-element-62d86bf e-flex e-con-boxed e-con e-child\" data-id=\"62d86bf\" data-element_type=\"container\">\n\t\t\t\t\t<div class=\"e-con-inner\">\n\t\t<div class=\"elementor-element elementor-element-8a26c20 e-con-full e-flex e-con e-child\" data-id=\"8a26c20\" data-element_type=\"container\" data-settings=\"{&quot;background_background&quot;:&quot;classic&quot;}\">\n\t\t\t\t<div class=\"elementor-element elementor-element-26610a4 elementor-widget elementor-widget-heading\" data-id=\"26610a4\" data-element_type=\"widget\" data-widget_type=\"heading.default\">\n\t\t\t\t\t<h2 class=\"elementor-heading-title elementor-size-default\">ALMACENAMIENTO Y OPTIMIZACI\u00d3N<\/h2>\t\t\t\t<\/div>\n\t\t\t\t<div class=\"elementor-element elementor-element-653c2ec elementor-widget elementor-widget-text-editor\" data-id=\"653c2ec\" data-element_type=\"widget\" data-widget_type=\"text-editor.default\">\n\t\t\t\t\t\t\t\t\t<p>Inventarios organizados, espacio seguro, visibilidad en tiempo real y manejo estrat\u00e9gico para evitar errores y proteger m\u00e9tricas.<\/p>\t\t\t\t\t\t\t\t<\/div>\n\t\t\t\t<\/div>\n\t\t<div class=\"elementor-element elementor-element-e7f6e0a e-con-full e-flex e-con e-child\" data-id=\"e7f6e0a\" data-element_type=\"container\">\n\t\t\t\t<div class=\"elementor-element elementor-element-1d90ec2 elementor-widget elementor-widget-image\" data-id=\"1d90ec2\" data-element_type=\"widget\" data-widget_type=\"image.default\">\n\t\t\t\t\t\t\t\t\t\t\t\t\t\t\t<img loading=\"lazy\" decoding=\"async\" width=\"750\" height=\"1000\" src=\"https:\/\/ddimperium.com\/wp-content\/uploads\/2025\/11\/142titulo.jpg\" class=\"attachment-full size-full wp-image-7232\" alt=\"\" srcset=\"https:\/\/ddimperium.com\/wp-content\/uploads\/2025\/11\/142titulo.jpg 750w, https:\/\/ddimperium.com\/wp-content\/uploads\/2025\/11\/142titulo-225x300.jpg 225w, https:\/\/ddimperium.com\/wp-content\/uploads\/2025\/11\/142titulo-600x800.jpg 600w\" sizes=\"(max-width: 750px) 100vw, 750px\" \/>\t\t\t\t\t\t\t\t\t\t\t\t\t\t\t<\/div>\n\t\t\t\t<\/div>\n\t\t\t\t\t<\/div>\n\t\t\t\t<\/div>\n\t\t\t\t\t\t\t\t<\/div>\r\n\t\t\t\t\t\t\t\t<\/div>\r\n\t\t<\/div>\r\n\t\t\t\t\t<div class=\"elementor-swiper-button elementor-swiper-button-prev\" role=\"button\" tabindex=\"0\" aria-label=\"Previous\">\r\n\t\t\t\t<svg aria-hidden=\"true\" class=\"e-font-icon-svg e-eicon-chevron-left\" viewBox=\"0 0 1000 1000\" xmlns=\"http:\/\/www.w3.org\/2000\/svg\"><path d=\"M646 125C629 125 613 133 604 142L308 442C296 454 292 471 292 487 292 504 296 521 308 533L604 854C617 867 629 875 646 875 663 875 679 871 692 858 704 846 713 829 713 812 713 796 708 779 692 767L438 487 692 225C700 217 708 204 708 187 708 171 704 154 692 142 675 129 663 125 646 125Z\"><\/path><\/svg>\t\t\t<\/div>\r\n\t\t\t<div class=\"elementor-swiper-button elementor-swiper-button-next\" role=\"button\" tabindex=\"0\" aria-label=\"Next\">\r\n\t\t\t\t<svg aria-hidden=\"true\" class=\"e-font-icon-svg e-eicon-chevron-right\" viewBox=\"0 0 1000 1000\" xmlns=\"http:\/\/www.w3.org\/2000\/svg\"><path d=\"M696 533C708 521 713 504 713 487 713 471 708 454 696 446L400 146C388 133 375 125 354 125 338 125 325 129 313 142 300 154 292 171 292 187 292 204 296 221 308 233L563 492 304 771C292 783 288 800 288 817 288 833 296 850 308 863 321 871 338 875 354 875 371 875 388 867 400 854L696 533Z\"><\/path><\/svg>\t\t\t<\/div>\r\n\t\t\t\t\t\t<\/div>\n\t\t\t\t<\/div>\n\t\t\t\t<section class=\"elementor-section elementor-top-section elementor-element elementor-element-78170a4 elementor-section-boxed elementor-section-height-default elementor-section-height-default\" data-id=\"78170a4\" data-element_type=\"section\">\n\t\t\t\t\t\t<div class=\"elementor-container elementor-column-gap-no\">\n\t\t\t\t\t<div class=\"elementor-column elementor-col-100 elementor-top-column elementor-element elementor-element-95851eb\" data-id=\"95851eb\" data-element_type=\"column\">\n\t\t\t<div class=\"elementor-widget-wrap elementor-element-populated\">\n\t\t\t\t\t\t<div class=\"elementor-element elementor-element-bae46f6 elementor-widget elementor-widget-doob-about\" data-id=\"bae46f6\" data-element_type=\"widget\" data-widget_type=\"doob-about.default\">\n\t\t\t\t<div class=\"elementor-widget-container\">\n\t\t\t\t\t<div class=\"about-style-5 rainbow-section-gapBottom\">\r\n    <div class=\"container\">\r\n        <div class=\"row\">\r\n            <div class=\"col-lg-10 offset-lg-1\">\r\n                <div class=\"row row--0 about-wrapper align-items-center theme-shape\">\r\n                    <div class=\"col-lg-6\">\r\n                                                <div class=\"thumbnail\">\r\n                                                        <img loading=\"lazy\" decoding=\"async\" width=\"1320\" height=\"1970\" src=\"https:\/\/ddimperium.com\/wp-content\/uploads\/2025\/11\/Sin-titulo-1.jpg\" class=\"attachment-full size-full wp-image-7227\" alt=\"\" srcset=\"https:\/\/ddimperium.com\/wp-content\/uploads\/2025\/11\/Sin-titulo-1.jpg 1320w, https:\/\/ddimperium.com\/wp-content\/uploads\/2025\/11\/Sin-titulo-1-201x300.jpg 201w, https:\/\/ddimperium.com\/wp-content\/uploads\/2025\/11\/Sin-titulo-1-686x1024.jpg 686w, https:\/\/ddimperium.com\/wp-content\/uploads\/2025\/11\/Sin-titulo-1-768x1146.jpg 768w, https:\/\/ddimperium.com\/wp-content\/uploads\/2025\/11\/Sin-titulo-1-1029x1536.jpg 1029w, https:\/\/ddimperium.com\/wp-content\/uploads\/2025\/11\/Sin-titulo-1-600x895.jpg 600w\" sizes=\"(max-width: 1320px) 100vw, 1320px\" \/>                        <\/div>\r\n                                            <\/div>\r\n                    <div class=\"col-lg-6 mt_md--30 mt_sm--30\">\r\n                        <div class=\"content\">\r\n                            <div class=\"inner\">\r\n                                <h4 class=\"title\">\r\n                                                \r\n                            <h2 class=\"title w-600 mb--20\">\r\n                    <span> SERVICIOS AVANZADOS <\/span> <br>\r\n                                    <\/h2>\r\n                                <\/h4>\r\n                                <ul class=\"contact-address\">\r\n                                                                    <li>\r\n                                                                                                                <i aria-hidden=\"true\" class=\"rbt feather-check\"><\/i>                                                                                                            Asesor\u00eda completa en log\u00edstica e importaci\u00f3n                                    <\/li>\r\n                                                                        <li>\r\n                                                                                                                <i aria-hidden=\"true\" class=\"rbt feather-check\"><\/i>                                                                                                            Preparaci\u00f3n de mercanc\u00eda especializada para Amazon, Walmart, Shopify y eBay                                    <\/li>\r\n                                                                        <li>\r\n                                                                                                                <i aria-hidden=\"true\" class=\"rbt feather-check\"><\/i>                                                                                                            Gesti\u00f3n avanzada para marcas privadas y e-commerce profesionales                                    <\/li>\r\n                                                                        <li>\r\n                                                                                                                <i aria-hidden=\"true\" class=\"rbt feather-check\"><\/i>                                                                                                            Optimizaci\u00f3n de cargas, documentaci\u00f3n y procesos aduanales                                    <\/li>\r\n                                                                        <li>\r\n                                                                                                                <i aria-hidden=\"true\" class=\"rbt feather-check\"><\/i>                                                                                                            Soporte estrat\u00e9gico para env\u00edos nacionales e internacionales                                    <\/li>\r\n                                                                    <\/ul>\r\n\r\n                                \r\n                            <\/div>\r\n                        <\/div>\r\n                    <\/div>\r\n                <\/div>\r\n            <\/div>\r\n        <\/div>\r\n    <\/div>\r\n<\/div>\r\n\t\t\t\t<\/div>\n\t\t\t\t<\/div>\n\t\t\t\t\t<\/div>\n\t\t<\/div>\n\t\t\t\t\t<\/div>\n\t\t<\/section>\n\t\t\t\t<\/div>\n\t\t","protected":false},"excerpt":{"rendered":"<p>TU ALIADO LOG\u00cdSTICO DE CONFIANZA. Somos el partner que garantiza que tu mercanc\u00eda cumpla con los est\u00e1ndares de Amazon, Walmart, TikTok Shop, Shopify y eBay. Mientras nosotros operamos, t\u00fa escalas. Mientras nosotros preparamos, t\u00fa lideras. Prep Center especializado en: \u2713 inspecci\u00f3n \u2713 limpieza \u2713 etiquetado \u2713 env\u00edo profesional \u2713 almacenamiento inteligente \u2713 log\u00edstica de importaci\u00f3n [&hellip;]<\/p>\n","protected":false},"author":1,"featured_media":0,"parent":6683,"menu_order":6,"comment_status":"closed","ping_status":"closed","template":"elementor_header_footer","meta":{"_acf_changed":false,"footnotes":""},"class_list":["post-6524","page","type-page","status-publish","hentry"],"acf":[],"_links":{"self":[{"href":"https:\/\/ddimperium.com\/index.php?rest_route=\/wp\/v2\/pages\/6524","targetHints":{"allow":["GET"]}}],"collection":[{"href":"https:\/\/ddimperium.com\/index.php?rest_route=\/wp\/v2\/pages"}],"about":[{"href":"https:\/\/ddimperium.com\/index.php?rest_route=\/wp\/v2\/types\/page"}],"author":[{"embeddable":true,"href":"https:\/\/ddimperium.com\/index.php?rest_route=\/wp\/v2\/users\/1"}],"replies":[{"embeddable":true,"href":"https:\/\/ddimperium.com\/index.php?rest_route=%2Fwp%2Fv2%2Fcomments&post=6524"}],"version-history":[{"count":85,"href":"https:\/\/ddimperium.com\/index.php?rest_route=\/wp\/v2\/pages\/6524\/revisions"}],"predecessor-version":[{"id":7453,"href":"https:\/\/ddimperium.com\/index.php?rest_route=\/wp\/v2\/pages\/6524\/revisions\/7453"}],"up":[{"embeddable":true,"href":"https:\/\/ddimperium.com\/index.php?rest_route=\/wp\/v2\/pages\/6683"}],"wp:attachment":[{"href":"https:\/\/ddimperium.com\/index.php?rest_route=%2Fwp%2Fv2%2Fmedia&parent=6524"}],"curies":[{"name":"wp","href":"https:\/\/api.w.org\/{rel}","templated":true}]}}