{"id":6526,"date":"2025-11-13T04:27:41","date_gmt":"2025-11-13T04:27:41","guid":{"rendered":"https:\/\/ddimperium.com\/?page_id=6526"},"modified":"2025-11-23T01:01:53","modified_gmt":"2025-11-23T01:01:53","slug":"sobre-nosotros","status":"publish","type":"page","link":"https:\/\/ddimperium.com\/?page_id=6526","title":{"rendered":"Sobre Nosotros"},"content":{"rendered":"\t\t<div data-elementor-type=\"wp-page\" data-elementor-id=\"6526\" class=\"elementor elementor-6526\" data-elementor-post-type=\"page\">\n\t\t\t\t\t\t<section class=\"elementor-section elementor-top-section elementor-element elementor-element-f1d117f elementor-section-full_width elementor-section-height-default elementor-section-height-default\" data-id=\"f1d117f\" data-element_type=\"section\">\n\t\t\t\t\t\t<div class=\"elementor-container elementor-column-gap-no\">\n\t\t\t\t\t<div class=\"elementor-column elementor-col-100 elementor-top-column elementor-element elementor-element-d6036ef\" data-id=\"d6036ef\" data-element_type=\"column\">\n\t\t\t<div class=\"elementor-widget-wrap elementor-element-populated\">\n\t\t\t\t\t\t<div class=\"elementor-element elementor-element-fdf8ec3 rbt-section-height-default elementor-widget elementor-widget-doob-main-banner\" data-id=\"fdf8ec3\" data-element_type=\"widget\" data-widget_type=\"doob-main-banner.default\">\n\t\t\t\t<div class=\"elementor-widget-container\">\n\t\t\t\t\t\r\n            <!-- Start Slider Area  -->\r\n            <div class=\"slider-area rainbow-section-gap slider-area\">\r\n            <div class=\"container\">\r\n                <div class=\"row align-items-center\">\r\n                    <div class=\"col-lg-6 col-md-6 col-sm-6 col-sm-12 order-2 order-lg-1\">\r\n                        <div class=\"inner collaborate text-start\">\r\n                            <h1 class=\"title display-one display-two title inner \">DE CUBA AL MUNDO. DE UN SUE\u00d1O A UN IMPERIO.<\/h1>                                                                   <p class=\"description color-white\">\r\n                                         Somos Daiana Robaina y Dariel Gudas.<br>\nNacimos entre puertas cerradas, pero crecimos con una visi\u00f3n que no se pod\u00eda apagar.<br>\n<br>\nUn d\u00eda decidimos que nuestra historia no iba a definirse por limitaciones.<br>\nTomamos lo que ten\u00edamos \u2014nuestros sue\u00f1os\u2014 y cruzamos fronteras buscando libertad.<br>\n<br>\nSin capital.<br>\nSin contactos.<br>\nSin gu\u00eda.<br>\nSolo con fe, disciplina y la decisi\u00f3n de cambiar nuestra vida.                                    <\/p>\r\n                                                                                    <\/div>\r\n                    <\/div>\r\n                    <div class=\"col-lg-6 col-md-6 col-sm-12 order-1 order-lg-2\">\r\n                                                <div class=\"thumbnail\"><img decoding=\"async\" src=\"https:\/\/ddimperium.com\/wp-content\/uploads\/2025\/11\/55a3f318-7762-4903-9007-fe7c9da1ed1d.jpg\"\r\n                                    alt=\"\"><\/div>\r\n                                                <\/div>\r\n                <\/div>\r\n            <\/div>\r\n        <\/div>\r\n        <!-- Start Slider Area  -->\r\n\t\t\t\t<\/div>\n\t\t\t\t<\/div>\n\t\t\t\t\t<\/div>\n\t\t<\/div>\n\t\t\t\t\t<\/div>\n\t\t<\/section>\n\t\t\t\t<section class=\"elementor-section elementor-top-section elementor-element elementor-element-28295b1 elementor-section-full_width elementor-section-height-default elementor-section-height-default\" data-id=\"28295b1\" data-element_type=\"section\">\n\t\t\t\t\t\t<div class=\"elementor-container elementor-column-gap-no\">\n\t\t\t\t\t<div class=\"elementor-column elementor-col-100 elementor-top-column elementor-element elementor-element-faa28b4\" data-id=\"faa28b4\" data-element_type=\"column\">\n\t\t\t<div class=\"elementor-widget-wrap elementor-element-populated\">\n\t\t\t\t\t\t<div class=\"elementor-element elementor-element-49ff923 elementor-widget elementor-widget-doob-split-with-funfact\" data-id=\"49ff923\" data-element_type=\"widget\" data-widget_type=\"doob-split-with-funfact.default\">\n\t\t\t\t<div class=\"elementor-widget-container\">\n\t\t\t\t\t        <div class=\"rainbow-split-area\">\r\n            <div class=\"wrapper\">\r\n\r\n                \r\n                <div class=\"rainbow-splite-style bg-color-blackest\">\r\n                    <div class=\"split-wrapper\">\r\n                        <div class=\"row g-0 radius-10 align-items-center\">\r\n                        <div class=\"col-lg-12 col-xl-6 col-12 order-2\">\r\n                                <ul class=\"split-inner text-left\">\r\n\r\n                                    <div class=\"section-title section-title--2\">\r\n                                                    \r\n                            <h2 class=\"title w-600 mb--20\">\r\n                    <span> Nuestra historia <\/span> <br>\r\n                                    <\/h2>\r\n                                        <p class=\"description b1\">Conocimos de cerca los desaf\u00edos, las ca\u00eddas y las barreras que enfrentan quienes comienzan desde cero en el mundo del e-commerce.<br>\nSab\u00edamos lo que era tener el deseo, pero no la gu\u00eda; el talento, pero no la estructura; la visi\u00f3n, pero no el acompa\u00f1amiento.<br>\nY fue en esas experiencias donde entendimos que muchas personas necesitaban un camino m\u00e1s claro, m\u00e1s humano y m\u00e1s estrat\u00e9gico.<br>\n<br>\nFallamos.<br>\nAprendimos.<br>\nNos levantamos.<br>\nY volvimos a empezar.<br>\n<br>\nLo que comenz\u00f3 como un peque\u00f1o proyecto en nuestra sala se convirti\u00f3 en una academia internacional que hoy ayuda a cientos de familias a crear futuro, prop\u00f3sito y libertad a trav\u00e9s del e-commerce.<br>\nCon el tiempo, ese peque\u00f1o inicio se transform\u00f3 en un movimiento, un puente y un espacio donde emprendedores reales encuentran direcci\u00f3n, claridad y expansi\u00f3n.<br>\n<br>\nD&amp;D Imperium naci\u00f3 para quienes, como nosotros, est\u00e1n dispuestos a transformar su historia.<br>\nPara quienes creen que merecen algo m\u00e1s y est\u00e1n listos para construirlo.<br>\nPorque estamos hechos de historia\u2026 y cada historia merece la oportunidad de convertirse en un legado.<br>\n<br>\nSi nosotros pudimos, t\u00fa tambi\u00e9n.<\/p>\r\n                                                        <\/div>\r\n\r\n                                                                            <div class=\"row\">\r\n                                                                                        <div class=\"col-lg-6 col-md-6 col-sm-6 col-12\">\r\n                                                <div class=\"count-box counter-style-4 text-left\">\r\n                                                    <div>\r\n                                                        <div class=\"count-number\"><span class=\"counter\">5<\/span><span>+<\/span><\/div>\r\n                                                    <\/div>\r\n                                                    <h5 class=\"counter-title\">pa\u00edses <\/h5>\r\n                                                <\/div>\r\n                                            <\/div>\r\n                                                                                        <div class=\"col-lg-6 col-md-6 col-sm-6 col-12\">\r\n                                                <div class=\"count-box counter-style-4 text-left\">\r\n                                                    <div>\r\n                                                        <div class=\"count-number\"><span class=\"counter\">200 <\/span><span>+<\/span><\/div>\r\n                                                    <\/div>\r\n                                                    <h5 class=\"counter-title\">estudiantes\u00a0<\/h5>\r\n                                                <\/div>\r\n                                            <\/div>\r\n                                                                                    <\/div>\r\n                                    \r\n                                    \r\n                            <\/div>\r\n                                                                                        <div class=\"col-lg-12 col-xl-6 col-12 order-1 image-left-content\">\r\n                                    <div class=\"thumbnail\">\r\n                                                                                <img fetchpriority=\"high\" decoding=\"async\" width=\"1600\" height=\"1600\" src=\"https:\/\/ddimperium.com\/wp-content\/uploads\/2025\/11\/Imagen-de-WhatsApp-2025-11-13-a-las-01.46.55_6835701c.jpg\" class=\"attachment-full size-full wp-image-6818\" alt=\"\" srcset=\"https:\/\/ddimperium.com\/wp-content\/uploads\/2025\/11\/Imagen-de-WhatsApp-2025-11-13-a-las-01.46.55_6835701c.jpg 1600w, https:\/\/ddimperium.com\/wp-content\/uploads\/2025\/11\/Imagen-de-WhatsApp-2025-11-13-a-las-01.46.55_6835701c-300x300.jpg 300w, https:\/\/ddimperium.com\/wp-content\/uploads\/2025\/11\/Imagen-de-WhatsApp-2025-11-13-a-las-01.46.55_6835701c-1024x1024.jpg 1024w, https:\/\/ddimperium.com\/wp-content\/uploads\/2025\/11\/Imagen-de-WhatsApp-2025-11-13-a-las-01.46.55_6835701c-150x150.jpg 150w, https:\/\/ddimperium.com\/wp-content\/uploads\/2025\/11\/Imagen-de-WhatsApp-2025-11-13-a-las-01.46.55_6835701c-768x768.jpg 768w, https:\/\/ddimperium.com\/wp-content\/uploads\/2025\/11\/Imagen-de-WhatsApp-2025-11-13-a-las-01.46.55_6835701c-1536x1536.jpg 1536w, https:\/\/ddimperium.com\/wp-content\/uploads\/2025\/11\/Imagen-de-WhatsApp-2025-11-13-a-las-01.46.55_6835701c-600x600.jpg 600w, https:\/\/ddimperium.com\/wp-content\/uploads\/2025\/11\/Imagen-de-WhatsApp-2025-11-13-a-las-01.46.55_6835701c-100x100.jpg 100w\" sizes=\"(max-width: 1600px) 100vw, 1600px\" \/>                                    <\/div>\r\n                                <\/div>\r\n                                                                                <\/div>\r\n                    <\/div>\r\n                <\/div>\r\n            <\/div>\r\n        <\/div>\r\n        <\/div>\r\n        \t\t\t\t<\/div>\n\t\t\t\t<\/div>\n\t\t\t\t\t<\/div>\n\t\t<\/div>\n\t\t\t\t\t<\/div>\n\t\t<\/section>\n\t\t<div class=\"elementor-element elementor-element-0642e9d e-con-full e-flex e-con e-child\" data-id=\"0642e9d\" data-element_type=\"container\" id=\"ca\" data-settings=\"{&quot;background_background&quot;:&quot;classic&quot;}\">\n\t\t<div class=\"elementor-element elementor-element-20a5943 e-con-full e-flex e-con e-child\" data-id=\"20a5943\" data-element_type=\"container\">\n\t\t\t\t<div class=\"elementor-element elementor-element-f3c5d9b elementor-widget elementor-widget-image\" data-id=\"f3c5d9b\" data-element_type=\"widget\" data-widget_type=\"image.default\">\n\t\t\t\t\t\t\t\t\t\t\t\t\t\t\t<img decoding=\"async\" width=\"150\" height=\"150\" src=\"https:\/\/ddimperium.com\/wp-content\/uploads\/2025\/11\/cropped-970d227f-648f-430f-974a-a41e0d5befcb-1-150x150.png\" class=\"attachment-thumbnail size-thumbnail wp-image-6430\" alt=\"\" srcset=\"https:\/\/ddimperium.com\/wp-content\/uploads\/2025\/11\/cropped-970d227f-648f-430f-974a-a41e0d5befcb-1-150x150.png 150w, https:\/\/ddimperium.com\/wp-content\/uploads\/2025\/11\/cropped-970d227f-648f-430f-974a-a41e0d5befcb-1-300x300.png 300w, https:\/\/ddimperium.com\/wp-content\/uploads\/2025\/11\/cropped-970d227f-648f-430f-974a-a41e0d5befcb-1-270x270.png 270w, https:\/\/ddimperium.com\/wp-content\/uploads\/2025\/11\/cropped-970d227f-648f-430f-974a-a41e0d5befcb-1-192x192.png 192w, https:\/\/ddimperium.com\/wp-content\/uploads\/2025\/11\/cropped-970d227f-648f-430f-974a-a41e0d5befcb-1-180x180.png 180w, https:\/\/ddimperium.com\/wp-content\/uploads\/2025\/11\/cropped-970d227f-648f-430f-974a-a41e0d5befcb-1-32x32.png 32w, https:\/\/ddimperium.com\/wp-content\/uploads\/2025\/11\/cropped-970d227f-648f-430f-974a-a41e0d5befcb-1.png 512w\" sizes=\"(max-width: 150px) 100vw, 150px\" \/>\t\t\t\t\t\t\t\t\t\t\t\t\t\t\t<\/div>\n\t\t\t\t<\/div>\n\t\t<div class=\"elementor-element elementor-element-5e5a211 e-con-full e-flex e-con e-child\" data-id=\"5e5a211\" data-element_type=\"container\">\n\t\t\t\t<div class=\"elementor-element elementor-element-62bbdb9 elementor-widget elementor-widget-heading\" data-id=\"62bbdb9\" data-element_type=\"widget\" id=\"texto\" data-widget_type=\"heading.default\">\n\t\t\t\t\t<h2 class=\"elementor-heading-title elementor-size-default\">De un sue\u00f1o\u2026 a un imperio.  Ahora te toca a ti.<\/h2>\t\t\t\t<\/div>\n\t\t\t\t<\/div>\n\t\t<div class=\"elementor-element elementor-element-32fe515 e-con-full e-flex e-con e-child\" data-id=\"32fe515\" data-element_type=\"container\">\n\t\t\t\t<div class=\"elementor-element elementor-element-9d3d3b4 elementor-widget elementor-widget-image\" data-id=\"9d3d3b4\" data-element_type=\"widget\" data-widget_type=\"image.default\">\n\t\t\t\t\t\t\t\t\t\t\t\t\t\t\t<img decoding=\"async\" width=\"150\" height=\"150\" src=\"https:\/\/ddimperium.com\/wp-content\/uploads\/2025\/11\/cropped-970d227f-648f-430f-974a-a41e0d5befcb-1-150x150.png\" class=\"attachment-thumbnail size-thumbnail wp-image-6430\" alt=\"\" srcset=\"https:\/\/ddimperium.com\/wp-content\/uploads\/2025\/11\/cropped-970d227f-648f-430f-974a-a41e0d5befcb-1-150x150.png 150w, https:\/\/ddimperium.com\/wp-content\/uploads\/2025\/11\/cropped-970d227f-648f-430f-974a-a41e0d5befcb-1-300x300.png 300w, https:\/\/ddimperium.com\/wp-content\/uploads\/2025\/11\/cropped-970d227f-648f-430f-974a-a41e0d5befcb-1-270x270.png 270w, https:\/\/ddimperium.com\/wp-content\/uploads\/2025\/11\/cropped-970d227f-648f-430f-974a-a41e0d5befcb-1-192x192.png 192w, https:\/\/ddimperium.com\/wp-content\/uploads\/2025\/11\/cropped-970d227f-648f-430f-974a-a41e0d5befcb-1-180x180.png 180w, https:\/\/ddimperium.com\/wp-content\/uploads\/2025\/11\/cropped-970d227f-648f-430f-974a-a41e0d5befcb-1-32x32.png 32w, https:\/\/ddimperium.com\/wp-content\/uploads\/2025\/11\/cropped-970d227f-648f-430f-974a-a41e0d5befcb-1.png 512w\" sizes=\"(max-width: 150px) 100vw, 150px\" \/>\t\t\t\t\t\t\t\t\t\t\t\t\t\t\t<\/div>\n\t\t\t\t<\/div>\n\t\t\t\t<\/div>\n\t\t<div class=\"elementor-element elementor-element-682e8c9 e-flex e-con-boxed e-con e-parent\" data-id=\"682e8c9\" data-element_type=\"container\">\n\t\t\t\t\t<div class=\"e-con-inner\">\n\t\t\t\t<div class=\"elementor-element elementor-element-d7c7004 elementor-widget elementor-widget-doob-split\" data-id=\"d7c7004\" data-element_type=\"widget\" data-widget_type=\"doob-split.default\">\n\t\t\t\t<div class=\"elementor-widget-container\">\n\t\t\t\t\t\r\n<!--Start Section Three Area  -->\r\n<div class=\"slider-area rainbow-section-gap \">\r\n    <div class=\"container\">\r\n        <div class=\"row align-items-center\">\r\n\r\n            <div class=\"col-lg-6 col-md-6 col-sm-12\">\r\n                <div class=\"inner Collaborate-inner text-start\">\r\n                                \r\n                            <h2 class=\"title w-600 mb--20\">\r\n                    <span> Lo que nos define <\/span> <br>\r\n                                    <\/h2>\r\n                                        <p class=\"description b1\">\u2714 Experiencia real\nHemos vendido, perdido, escalado y aprendido dentro de Amazon, Walmart y m\u00faltiples ecosistemas digitales.\n<br>\n\n\u2714 Acompa\u00f1amiento humano\nNo vemos alumnos.\nVemos vidas, familias y futuros que quieren salir adelante.\n<br>\n\n\u2714 Mentor\u00eda estrat\u00e9gica\nCreamos procesos, orden, estructura y visi\u00f3n empresarial.\n<br>\n\n\u2714 Poder financiero\nEnse\u00f1amos a usar cr\u00e9dito empresarial para crecer sin deudas, sin intereses y sin riesgo.\n<br><\/p>\r\n                                    <\/div>\r\n                            <\/div>\r\n\r\n            <div class=\"col-lg-12 col-xl-6 col-12\">\r\n                <div class=\"thumbnail image-left-content\">\r\n                                        <img decoding=\"async\" width=\"1024\" height=\"1536\" src=\"https:\/\/ddimperium.com\/wp-content\/uploads\/2025\/11\/Imagen-de-WhatsApp-2025-11-19-a-las-18.24.59_6efd53e4.jpg\" class=\"attachment-full size-full wp-image-7052\" alt=\"\" srcset=\"https:\/\/ddimperium.com\/wp-content\/uploads\/2025\/11\/Imagen-de-WhatsApp-2025-11-19-a-las-18.24.59_6efd53e4.jpg 1024w, https:\/\/ddimperium.com\/wp-content\/uploads\/2025\/11\/Imagen-de-WhatsApp-2025-11-19-a-las-18.24.59_6efd53e4-200x300.jpg 200w, https:\/\/ddimperium.com\/wp-content\/uploads\/2025\/11\/Imagen-de-WhatsApp-2025-11-19-a-las-18.24.59_6efd53e4-683x1024.jpg 683w, https:\/\/ddimperium.com\/wp-content\/uploads\/2025\/11\/Imagen-de-WhatsApp-2025-11-19-a-las-18.24.59_6efd53e4-768x1152.jpg 768w, https:\/\/ddimperium.com\/wp-content\/uploads\/2025\/11\/Imagen-de-WhatsApp-2025-11-19-a-las-18.24.59_6efd53e4-600x900.jpg 600w\" sizes=\"(max-width: 1024px) 100vw, 1024px\" \/>                <\/div>\r\n            <\/div>\r\n\r\n        <\/div>\r\n    <\/div>\r\n<\/div>\r\n<!--End Section Three Area  -->\r\n\t\t\t\t<\/div>\n\t\t\t\t<\/div>\n\t\t\t\t\t<\/div>\n\t\t\t\t<\/div>\n\t\t\t\t<\/div>\n\t\t","protected":false},"excerpt":{"rendered":"<p>DE CUBA AL MUNDO. DE UN SUE\u00d1O A UN IMPERIO. Somos Daiana Robaina y Dariel Gudas. Nacimos entre puertas cerradas, pero crecimos con una visi\u00f3n que no se pod\u00eda apagar. Un d\u00eda decidimos que nuestra historia no iba a definirse por limitaciones. Tomamos lo que ten\u00edamos \u2014nuestros sue\u00f1os\u2014 y cruzamos fronteras buscando libertad. Sin capital. [&hellip;]<\/p>\n","protected":false},"author":1,"featured_media":0,"parent":0,"menu_order":4,"comment_status":"closed","ping_status":"closed","template":"elementor_header_footer","meta":{"_acf_changed":false,"footnotes":""},"class_list":["post-6526","page","type-page","status-publish","hentry"],"acf":[],"_links":{"self":[{"href":"https:\/\/ddimperium.com\/index.php?rest_route=\/wp\/v2\/pages\/6526","targetHints":{"allow":["GET"]}}],"collection":[{"href":"https:\/\/ddimperium.com\/index.php?rest_route=\/wp\/v2\/pages"}],"about":[{"href":"https:\/\/ddimperium.com\/index.php?rest_route=\/wp\/v2\/types\/page"}],"author":[{"embeddable":true,"href":"https:\/\/ddimperium.com\/index.php?rest_route=\/wp\/v2\/users\/1"}],"replies":[{"embeddable":true,"href":"https:\/\/ddimperium.com\/index.php?rest_route=%2Fwp%2Fv2%2Fcomments&post=6526"}],"version-history":[{"count":182,"href":"https:\/\/ddimperium.com\/index.php?rest_route=\/wp\/v2\/pages\/6526\/revisions"}],"predecessor-version":[{"id":7410,"href":"https:\/\/ddimperium.com\/index.php?rest_route=\/wp\/v2\/pages\/6526\/revisions\/7410"}],"wp:attachment":[{"href":"https:\/\/ddimperium.com\/index.php?rest_route=%2Fwp%2Fv2%2Fmedia&parent=6526"}],"curies":[{"name":"wp","href":"https:\/\/api.w.org\/{rel}","templated":true}]}}